{"id":14,"date":"2012-11-19T13:20:01","date_gmt":"2012-11-19T13:20:01","guid":{"rendered":"https:\/\/koel.at\/?page_id=14"},"modified":"2012-11-19T13:53:20","modified_gmt":"2012-11-19T13:53:20","slug":"organisation","status":"publish","type":"page","link":"http:\/\/koel.at\/?page_id=14","title":{"rendered":"Organisation"},"content":{"rendered":"<p style=\"text-align: justify;\">Der akademische Bund katholisch-\u00f6sterreichischer Landsmannschaften hat im Jahr 2012 grundlegende strukturelle Reformen und \u00c4nderungen beschlossen, welche sich zu einem in erster Linie die Vertretungsorgane des akademischen Bundes katholisch-\u00f6sterreichischer Landsmannschaften betroffen haben.<\/p>\n<p style=\"text-align: justify;\">Als neues operatives und repr\u00e4sentatives Organ ist nun mit einer Amtsperiode von drei Jahren ein Bundesvorstand bestellt, welcher sich aus einem Bundesvorsitzenden, einem Bundesphilistersenior, dem Bundesgesch\u00e4ftsf\u00fchrer, dem Bundeskassier und dem Bundesseelsorger zusammensetzt.<\/p>\n<p style=\"text-align: justify;\">Seitens der Aktivenschaft ist der Bundessenior mit zwei Bundesconseniores und einer Amtsperiode von einem Jahr mit der F\u00fchrung der K\u00d6L-Bundesstandarte betraut.<\/p>\n","protected":false},"excerpt":{"rendered":"<p>Der akademische Bund katholisch-\u00f6sterreichischer Landsmannschaften hat im Jahr 2012 grundlegende strukturelle Reformen und \u00c4nderungen beschlossen, welche sich zu einem in erster Linie die Vertretungsorgane des akademischen Bundes katholisch-\u00f6sterreichischer Landsmannschaften betroffen haben. Als neues operatives und repr\u00e4sentatives Organ ist nun mit einer Amtsperiode von drei Jahren ein Bundesvorstand bestellt, welcher sich aus einem Bundesvorsitzenden, einem Bundesphilistersenior, &#8230; <a href=\"http:\/\/koel.at\/?page_id=14\">Continue Reading<\/a><\/p>\n","protected":false},"author":1,"featured_media":0,"parent":5,"menu_order":0,"comment_status":"closed","ping_status":"closed","template":"","meta":{"footnotes":""},"class_list":["post-14","page","type-page","status-publish","hentry"],"_links":{"self":[{"href":"http:\/\/koel.at\/index.php?rest_route=\/wp\/v2\/pages\/14","targetHints":{"allow":["GET"]}}],"collection":[{"href":"http:\/\/koel.at\/index.php?rest_route=\/wp\/v2\/pages"}],"about":[{"href":"http:\/\/koel.at\/index.php?rest_route=\/wp\/v2\/types\/page"}],"author":[{"embeddable":true,"href":"http:\/\/koel.at\/index.php?rest_route=\/wp\/v2\/users\/1"}],"replies":[{"embeddable":true,"href":"http:\/\/koel.at\/index.php?rest_route=%2Fwp%2Fv2%2Fcomments&post=14"}],"version-history":[{"count":3,"href":"http:\/\/koel.at\/index.php?rest_route=\/wp\/v2\/pages\/14\/revisions"}],"predecessor-version":[{"id":70,"href":"http:\/\/koel.at\/index.php?rest_route=\/wp\/v2\/pages\/14\/revisions\/70"}],"up":[{"embeddable":true,"href":"http:\/\/koel.at\/index.php?rest_route=\/wp\/v2\/pages\/5"}],"wp:attachment":[{"href":"http:\/\/koel.at\/index.php?rest_route=%2Fwp%2Fv2%2Fmedia&parent=14"}],"curies":[{"name":"wp","href":"https:\/\/api.w.org\/{rel}","templated":true}]}}