{"id":23,"date":"2012-11-19T13:27:48","date_gmt":"2012-11-19T13:27:48","guid":{"rendered":"https:\/\/koel.at\/?page_id=23"},"modified":"2012-12-27T00:49:46","modified_gmt":"2012-12-27T00:49:46","slug":"statuten","status":"publish","type":"page","link":"http:\/\/koel.at\/?page_id=23","title":{"rendered":"Statuten"},"content":{"rendered":"<div><\/div>\n<p><span style=\"text-decoration: underline;\"><strong>\u00a7 1. Name, Sitz und T\u00e4tigkeitsbereich<\/strong><\/span><\/p>\n<p>Der Verein f\u00fchrt den Namen: \u201eAkademischer Bund katholisch-\u00f6sterreichischer Landsmannschaften\u201c. Er hat seinen Sitz in Wien und erstreckt seine T\u00e4tigkeit auf ganz Europa, speziell auf die mittel- und osteurop\u00e4ischen L\u00e4nder des Donauraums. Die Errichtung von Zweigstellen ohne Vereinscharakter, allenfalls von Zweigvereinen, ist beabsichtigt.<\/p>\n<p>&nbsp;<\/p>\n<p><span style=\"text-decoration: underline;\"><strong>\u00a7 2. Zweck<\/strong><\/span><\/p>\n<p>Der Verein bezweckt, das Programm und die Grunds\u00e4tze der katholisch-\u00f6sterreichischen Landsmannschaften vor allem in den Kreisen der Akademikerschaft, dar\u00fcber hinaus auch allen anderen \u00d6sterreichern bekannt zu machen und f\u00fcr seine Ideale zu werben. Als akademischer Bund versteht er sich als Interessensvertretung f\u00fcr Studierende und Akademiker<em>.<\/em> Weiters will er allen Bundes-Corporationen mit Rat und Tat zur Seite stehen und diese in allen Belangen unterst\u00fctzen. Seine T\u00e4tigkeit ist nicht auf Gewinn gerichtet.<em> <\/em><\/p>\n<p><em>\u00a0<\/em><\/p>\n<p><span style=\"text-decoration: underline;\"><strong>\u00a7 3. Grunds\u00e4tze<\/strong><\/span><\/p>\n<p>Die Grunds\u00e4tze der Katholisch-\u00f6sterreichischen Landsmannschaften sind:<\/p>\n<p>Glaube, Vaterland, Wissenschaft und Lebensfreundschaft.<\/p>\n<p>&nbsp;<\/p>\n<p><span style=\"text-decoration: underline;\"><strong>\u00a7 4. Ideelle Mittel zur Erreichung des Zweckes<\/strong><\/span><\/p>\n<p>Zur Erreichung des Vereinszweckes dienen planm\u00e4\u00dfige Zusammenarbeit der Bundes-Corporationen, Versammlungen, Vortr\u00e4ge, Ver\u00f6ffentlichungen, Bildungskurse und sonstige Veranstaltungen; allenfalls auch Schaffung und F\u00fchrung kultureller und sozialer Einrichtungen.<\/p>\n<p>&nbsp;<\/p>\n<p><span style=\"text-decoration: underline;\"><strong>\u00a7 5. Aufbringung der Mittel<\/strong><\/span><\/p>\n<p>Die zur Erf\u00fcllung des Vereinszwecks erforderlichen Geldmittel werden durch allf\u00e4llige Bundesbeitr\u00e4ge oder Umlagen der Mitglieder, durch Spenden, Sammlungen, Veranstaltungsertr\u00e4gnisse und sonstige Zuwendungen aufgebracht.<\/p>\n<p>&nbsp;<\/p>\n<p><span style=\"text-decoration: underline;\"><strong>\u00a7 6. Mitgliedschaft<\/strong><\/span><\/p>\n<p>(1) Mitglieder des Bundes sind die im Akademischen Bund katholisch-\u00f6sterreichischer Landsmannschaften vereinigten Corporationen (o.BuLM).<\/p>\n<p>(2) Provisorische Mitglieder sind die Vereinigungen katholischer Akademiker, die von einer o.BuT als solche aufgenommen wurden (prov. BuLM). Diesen kommt auf die Dauer der au\u00dferordentlichen Mitgliedschaft kein Stimmrecht zu.<\/p>\n<p>(3) Die Zuerkennung der Mitgliedschaft sowie die Aufnahme als provisorisches Mitglied erfolgen durch Beschl\u00fcsse der o.BuT mit 2\/3-Mehrheit.<\/p>\n<p>&nbsp;<\/p>\n<p><span style=\"text-decoration: underline;\"><strong>\u00a7 7. Rechte und Pflichten der Mitglieder<\/strong><\/span><\/p>\n<p>(1) Die dem Akademischen Bund katholisch-\u00f6sterreichischer Landsmannschaften als Mitglieder angeh\u00f6rigen Bundes-Corporationen (o.BuLM und prov. BuLM) haben das Recht auf Teilnahme an der BuT durch Entsendung je eines Delegierten f\u00fcr ihre Studierenden und f\u00fcr ihre Altherrenschaft, sowie der Teilnahme an den Einrichtungen des Bundes nach Ma\u00dfgabe der hierf\u00fcr geltenden gesch\u00e4ftsordnungsm\u00e4\u00dfigen Bestimmungen.<\/p>\n<p>(2) Ihre Pflichten bestehen in der Einhaltung der Grunds\u00e4tze (\u00a7 3) und der Pflege der Zusammenarbeit.<\/p>\n<p>(3) Die Angeh\u00f6rigen der Bundes-Corporationen (\u201eBundesbr\u00fcder\u201c) haben nach Ma\u00dfgabe der gesch\u00e4ftsordnungsm\u00e4\u00dfigen Bestimmungen das Recht der Teilnahme an den allgemein zug\u00e4nglichen Veranstaltungen.<\/p>\n<p>&nbsp;<\/p>\n<p><span style=\"text-decoration: underline;\"><strong>\u00a7 8. Organe des Bundes<\/strong><\/span><\/p>\n<p>Diese sind:<\/p>\n<p align=\"left\">\u00a0\u00a0\u00a0\u00a0\u00a0\u00a0\u00a0\u00a0\u00a0\u00a0\u00a0\u00a0\u00a0\u00a0\u00a0\u00a0\u00a0\u00a0\u00a0\u00a0\u00a0\u00a0 (1) die Bundestagung (BuT) \u00a7 9<\/p>\n<p align=\"left\">\u00a0\u00a0\u00a0\u00a0\u00a0\u00a0\u00a0\u00a0\u00a0\u00a0\u00a0\u00a0\u00a0\u00a0\u00a0\u00a0\u00a0\u00a0\u00a0\u00a0\u00a0\u00a0 (2) der Bundesaktivenconvent (BuAC) \u00a7 13<\/p>\n<p align=\"left\">\u00a0\u00a0\u00a0\u00a0\u00a0\u00a0\u00a0\u00a0\u00a0\u00a0\u00a0\u00a0\u00a0\u00a0\u00a0\u00a0\u00a0\u00a0\u00a0\u00a0\u00a0\u00a0 (3) der Bundesphilisterconvent (BuPhilC) \u00a7 15<\/p>\n<p align=\"left\">\u00a0\u00a0\u00a0\u00a0\u00a0\u00a0\u00a0\u00a0\u00a0\u00a0\u00a0\u00a0\u00a0\u00a0\u00a0\u00a0\u00a0\u00a0\u00a0\u00a0\u00a0\u00a0 (4) der Bundesvorstand (BuV) \u00a7 17<\/p>\n<p align=\"left\">\u00a0\u00a0\u00a0\u00a0\u00a0\u00a0\u00a0\u00a0\u00a0\u00a0\u00a0\u00a0\u00a0\u00a0\u00a0\u00a0\u00a0\u00a0\u00a0\u00a0\u00a0\u00a0 (5) der Bundeschargenconvent (BuChC) \u00a7 18<\/p>\n<p align=\"left\">\u00a0\u00a0\u00a0\u00a0\u00a0\u00a0\u00a0\u00a0\u00a0\u00a0\u00a0\u00a0\u00a0\u00a0\u00a0\u00a0\u00a0\u00a0\u00a0\u00a0\u00a0\u00a0 (6) die Rechnungspr\u00fcfer \u00a7 19<\/p>\n<p align=\"left\">\u00a0\u00a0\u00a0\u00a0\u00a0\u00a0\u00a0\u00a0\u00a0\u00a0\u00a0\u00a0\u00a0\u00a0\u00a0\u00a0\u00a0\u00a0\u00a0\u00a0\u00a0\u00a0 (7) das Bundesgericht (BuG) \u00a7 20<\/p>\n<p>&nbsp;<\/p>\n<p><span style=\"text-decoration: underline;\"><strong>\u00a7 9. Bundestagung (BuT)<\/strong><\/span><\/p>\n<p>(1) Die BuT ist das oberste Organ des Akademischen Bundes katho\u00adlisch-\u00f6sterreichischer Landsmannschaften. Sie besteht aus<\/p>\n<p align=\"left\">a)\u00a0\u00a0\u00a0 dem Bundesvorstand<\/p>\n<p align=\"left\">b)\u00a0\u00a0 den Corporationsdelegierten (\u00a7 7)<\/p>\n<p align=\"left\">c)\u00a0\u00a0\u00a0 den restlichen Bundeschargen und den kooptierten Sachreferenten.<\/p>\n<p>(2) Der Bundesvorsitzende f\u00fchrt den Vorsitz der BuT.<\/p>\n<p>(3)\u00a0 Beschlie\u00dfendes Stimmrecht haben die Corporationsdelegierten der o.BuLM; bei Stimmengleichheit entscheidet die Stimme des Vorsitzenden.<\/p>\n<p>&nbsp;<\/p>\n<p><span style=\"text-decoration: underline;\"><strong>\u00a7 10. Einberufung der Bundestagung (BuT)<\/strong><\/span><\/p>\n<p>Die ordentliche Bundestagung (Generalversammlung) ist allj\u00e4hrlich vom Bundesvorstand einzuberufen. Sie ist ferner einzuberufen, wenn es der Bundesconvent beschlie\u00dft oder ein Zehntel der Mitglieder beantragt (au\u00dferordentliche Bundestagung). Die ordentliche Bundestagung hat jedes Jahr am Wochenende oder dem Wochenende vor dem Fest des Heiligen Leopold (15.XI.) stattzufinden.<\/p>\n<p><em>\u00a0<\/em><\/p>\n<p><span style=\"text-decoration: underline;\"><strong>\u00a7 11. Aufgaben der Bundestagung (BuT)<\/strong><\/span><\/p>\n<ol>\n<li>Beschlussfassung \u00fcber \u00c4nderung der Statuten;<\/li>\n<li>Beschluss \u00fcber Selbstaufl\u00f6sung des Vereins;<\/li>\n<li>Beschlussfassung \u00fcber Erlassung, \u00c4nderung oder Aufhebung der Bundesgesch\u00e4ftsordnung (BuGO);<\/li>\n<li>Beschlussfassung \u00fcber \u00c4nderung der Bundesgerichtsgesch\u00e4ftsordnung;<\/li>\n<li>Beschlussfassung \u00fcber Aufhebung von BuAC-, BuPhilC-, BuV-, und BuChC-Beschl\u00fcssen;<\/li>\n<li>Aufnahme und Ausschluss von Mitgliedern;<\/li>\n<li>Wahl des in <em>\u00a0<\/em>\u00a7<em> <\/em>17 genannten Bundesvorstandes und der in \u00a7 18 genannten<em> <\/em>Bundeschargen;<\/li>\n<li>Wahl der Rechnungspr\u00fcfer;<\/li>\n<li>Wahl des Bundesgerichts;<\/li>\n<li>Entgegennahme des Berichtes der Bundeschargen, kooptierten Sachreferenten und Rechnungspr\u00fcfer sowie der Bundes-Corporationen, Beschlussfassung \u00fcber die der BuT gem\u00e4\u00df BuGO vorliegenden Antr\u00e4ge und Interpellationen;<\/li>\n<li>Entlastung der Bundeschargen.<\/li>\n<li>Beschlussfassung \u00fcber den j\u00e4hrlichen Haushaltsplan.<\/li>\n<\/ol>\n<p>&nbsp;<\/p>\n<p><span style=\"text-decoration: underline;\"><strong>\u00a7 12. Beschlusserfordernisse<\/strong><\/span><\/p>\n<p>(1) Qualifizierte Mehrheit ist jedenfalls erforderlich<\/p>\n<p align=\"left\">a)\u00a0\u00a0\u00a0 \u00a7 11 Z. 1 und 2 (4\/5-Mehrheit);<\/p>\n<p align=\"left\">b)\u00a0\u00a0 \u00a7 11 Z. 3 bis 6 (2\/3-Mehrheit).<\/p>\n<p>(2) Sonstige Beschl\u00fcsse bed\u00fcrfen der einfachen Mehrheit, soweit die Bundesgesch\u00e4ftsordnung nichts anderes bestimmt.<\/p>\n<p><span style=\"text-decoration: underline;\">\u00a0<\/span><\/p>\n<p><span style=\"text-decoration: underline;\"><strong>\u00a7 13.<\/strong> <strong>Bundesaktivenconvent (BuAC)<\/strong><\/span><\/p>\n<p>(1) Mitglieder des BuAC sind die Aktivenvertreter der Bundescorporationen. Die Mitglieder des Bundesvorstandes haben Sitz und beratende Stimme am BuAC.<\/p>\n<p>(2)\u00a0\u00a0 Der Bundessenior f\u00fchrt den Vorsitz des BuAC.<\/p>\n<p>(3) Der BuAC fasst Beschl\u00fcsse, soweit die BuGO nichts anderes bestimmt, mit einfacher Mehrheit.<\/p>\n<p><span style=\"text-decoration: underline;\">\u00a0<\/span><\/p>\n<p><span style=\"text-decoration: underline;\"><strong>\u00a7 14. Aufgaben des Bundesaktivenconventes (BuAC)<\/strong><\/span><\/p>\n<p>Dem Bundesaktivenconvent obliegen alle Aufgaben, die nicht der Bundestagung vorbehalten sind, soweit sie die Aktivenschaften betreffen.<\/p>\n<p>&nbsp;<\/p>\n<p><span style=\"text-decoration: underline;\"><strong>\u00a7 15.<\/strong> <strong>Bundesphilisterconvent (BuPhilC)<\/strong><\/span><\/p>\n<p>(1) Mitglieder des BuPhilC sind die Altherrenvertreter der Bundescorporationen. Die Mitglieder des Bundesvorstandes haben Sitz und beratende Stimme am BuPhilC.<\/p>\n<p>(2)\u00a0\u00a0 Der Bundesphilistersenior f\u00fchrt den Vorsitz des BuPhilC.<\/p>\n<p>(3) Der BuPhilC fasst Beschl\u00fcsse, soweit die BuGO nichts anderes bestimmt, mit einfacher Mehrheit.<\/p>\n<p>&nbsp;<\/p>\n<p><span style=\"text-decoration: underline;\"><strong>\u00a7 16. Aufgaben des Bundesphilisterconventes (BuPhilC)<\/strong><\/span><\/p>\n<p align=\"left\">Dem Bundesphilisterconvent obliegen alle Aufgaben, die nicht der Bundestagung vorbehalten sind, soweit sie die Altherrenschaften betreffen.<\/p>\n<p align=\"left\"><span style=\"text-decoration: underline;\"><strong>\u00a7 17. Bundesvorstand (BuV)<\/strong><\/span><\/p>\n<p align=\"left\">(1) Der Bundesvorstand\u00a0 besteht aus:<\/p>\n<p>a.\u00a0\u00a0\u00a0\u00a0\u00a0\u00a0 dem Bundesvorsitzenden<\/p>\n<p>b.\u00a0\u00a0\u00a0\u00a0\u00a0 dem Bundesphilistersenior<\/p>\n<p>c.\u00a0\u00a0\u00a0\u00a0\u00a0\u00a0 dem Bundessenior<\/p>\n<p>d.\u00a0\u00a0\u00a0\u00a0\u00a0 dem Bundeskassier<\/p>\n<p>e.\u00a0\u00a0\u00a0\u00a0\u00a0\u00a0 dem Bundesseelsorger<\/p>\n<p>f.\u00a0\u00a0\u00a0\u00a0\u00a0\u00a0 dem Bundesgesch\u00e4ftsf\u00fchrer<\/p>\n<p align=\"left\">(2)\u00a0\u00a0 Der Bundesvorstand wird mit Ausnahme des Bundesseniors bei der Bundestagung f\u00fcr die Dauer von drei Jahren gew\u00e4hlt.<\/p>\n<p align=\"left\">(3)\u00a0 Der Bundesvorstand kann f\u00fcr die Dauer der Amtszeit bis zu f\u00fcnf Sachreferenten kooptieren. Diese sind berechtigt an allen Organsitzungen des Bundes mit beratender Stimme teilzunehmen.<\/p>\n<p>(4) Der Bundesvorsitzende vertritt den Bund vereinsrechtlich nach innen und nach au\u00dfen. Er ist der Vereinsobmann. Im Falle seiner Verhinderung wird er der Reihe nach durch den Bundesphilistersenior, den Bundessenior und den Bundesgesch\u00e4ftsf\u00fchrer vertreten. Er f\u00fchrt den Vorsitz auf der Bundestagung und innerhalb des Bundesvorstandes.<\/p>\n<p>&nbsp;<\/p>\n<p><span style=\"text-decoration: underline;\"><strong>\u00a7 18. Bundeschargenconvent (BuChC)<\/strong><\/span><\/p>\n<p>(1) Der Bundeschargenconvent besteht aus den Aktivenchargen. Dies sind der Bundessenior (Bu-x), der Bundesconsenior I (Bu-xx1), sowie der Bundesconsenior II (Bu-xx2).<\/p>\n<p>(2) Die Bundeschargen werden bei der Bundestagung f\u00fcr die Dauer eines Jahres gew\u00e4hlt.<\/p>\n<p>&nbsp;<\/p>\n<p><span style=\"text-decoration: underline;\"><strong>\u00a7 19. Rechnungspr\u00fcfer<\/strong><\/span><\/p>\n<p>F\u00fcr jede Funktionsperiode (drei Jahre) sind von der BuT zwei Rechnungspr\u00fcfer zu w\u00e4hlen. Sie haben jeder ordentlichen Bundestagung \u00fcber die Pr\u00fcfung der Gebarung zu berichten und den Antrag auf Entlastung des Bundeskassiers sowie des Bundesvorstandes zu stellen.<\/p>\n<p>&nbsp;<\/p>\n<p><span style=\"text-decoration: underline;\"><strong>\u00a7 20. Bundesgericht (BuG)<\/strong><\/span><\/p>\n<p>(1) Zur Schlichtung von allen aus dem Vereinsverh\u00e4ltnis entstehenden Streitigkeiten ist das vereinsinterne Schiedsgericht berufen. Es ist eine \u201eSchlichtungseinrichtung\u201c im Sinne des Vereinsgesetzes 2002 und kein Schiedsgericht nach den \u00a7\u00a7 577 ff ZPO.<\/p>\n<p>(2) Das BuG setzt sich aus dem Vorsitzenden, zwei Stellvertretern und sechs weiteren Mitgliedern zusammen, die von der BuT jeweils auf drei Jahre gew\u00e4hlt werden.<\/p>\n<p>(3) Die Mitglieder des BuG und der Senate d\u00fcrfen keinem Organ \u2013 mit Ausnahme der Generalversammlung \u2013 angeh\u00f6ren, dessen T\u00e4tigkeit unmittelbar oder mittelbar Gegenstand der Streitigkeit ist.<\/p>\n<p>(4) Das BuG entscheidet nach Gew\u00e4hrung beiderseitigen Geh\u00f6rs mit einfacher Stimmenmehrheit in Dreiersenaten, wobei den Vorsitz im Senat entweder der Vorsitzende des BuG oder einer seiner Stellvertreter innehat. Die Zusammensetzung des Senats sowie die Festlegung des Vorsitzenden obliegen unter Bedachtnahme auf deren volle Unbefangenheit und Unabh\u00e4ngigkeit dem Vorsitzenden des BuG und seinen Stellvertretern.<\/p>\n<p>(5) Das BuG entscheidet nach bestem Wissen und Gewissen. Seine Entscheidungen sind vereinsintern endg\u00fcltig.<\/p>\n<p><em>\u00a0<\/em><\/p>\n<p><span style=\"text-decoration: underline;\"><strong>\u00a7 21. Austritt bzw. Ausschluss<\/strong><\/span><\/p>\n<p>Die Mitgliedschaft endet durch<\/p>\n<ol>\n<li>freiwilligen Austritt von Bundes-Corporationen<\/li>\n<li>freiwillige Aufl\u00f6sung von Bundes-Corporationen<\/li>\n<li>Ausschluss von Bundes-Corporationen durch die BuT (\u00a7 11, Ziffer\u00a06).<\/li>\n<\/ol>\n<p>&nbsp;<\/p>\n<p><span style=\"text-decoration: underline;\"><strong>\u00a7 22. Aufl\u00f6sung<\/strong><\/span><\/p>\n<p>Die freiwillige Aufl\u00f6sung des Bundes kann nur mit 4\/5-Mehrheit einer BuT erfolgen, wobei \u00fcber die Verwendung des Bundesverm\u00f6gens, das einem gemeinn\u00fctzigen Zweck zugef\u00fchrt werden muss, zu beschlie\u00dfen ist.<\/p>\n<p>&nbsp;<\/p>\n","protected":false},"excerpt":{"rendered":"<p>\u00a7 1. Name, Sitz und T\u00e4tigkeitsbereich Der Verein f\u00fchrt den Namen: \u201eAkademischer Bund katholisch-\u00f6sterreichischer Landsmannschaften\u201c. Er hat seinen Sitz in Wien und erstreckt seine T\u00e4tigkeit auf ganz Europa, speziell auf die mittel- und osteurop\u00e4ischen L\u00e4nder des Donauraums. Die Errichtung von Zweigstellen ohne Vereinscharakter, allenfalls von Zweigvereinen, ist beabsichtigt. &nbsp; \u00a7 2. Zweck Der Verein bezweckt, &#8230; <a href=\"http:\/\/koel.at\/?page_id=23\">Continue Reading<\/a><\/p>\n","protected":false},"author":1,"featured_media":0,"parent":5,"menu_order":0,"comment_status":"closed","ping_status":"closed","template":"","meta":{"footnotes":""},"class_list":["post-23","page","type-page","status-publish","hentry"],"_links":{"self":[{"href":"http:\/\/koel.at\/index.php?rest_route=\/wp\/v2\/pages\/23","targetHints":{"allow":["GET"]}}],"collection":[{"href":"http:\/\/koel.at\/index.php?rest_route=\/wp\/v2\/pages"}],"about":[{"href":"http:\/\/koel.at\/index.php?rest_route=\/wp\/v2\/types\/page"}],"author":[{"embeddable":true,"href":"http:\/\/koel.at\/index.php?rest_route=\/wp\/v2\/users\/1"}],"replies":[{"embeddable":true,"href":"http:\/\/koel.at\/index.php?rest_route=%2Fwp%2Fv2%2Fcomments&post=23"}],"version-history":[{"count":7,"href":"http:\/\/koel.at\/index.php?rest_route=\/wp\/v2\/pages\/23\/revisions"}],"predecessor-version":[{"id":114,"href":"http:\/\/koel.at\/index.php?rest_route=\/wp\/v2\/pages\/23\/revisions\/114"}],"up":[{"embeddable":true,"href":"http:\/\/koel.at\/index.php?rest_route=\/wp\/v2\/pages\/5"}],"wp:attachment":[{"href":"http:\/\/koel.at\/index.php?rest_route=%2Fwp%2Fv2%2Fmedia&parent=23"}],"curies":[{"name":"wp","href":"https:\/\/api.w.org\/{rel}","templated":true}]}}