{"id":25,"date":"2012-11-19T13:28:29","date_gmt":"2012-11-19T13:28:29","guid":{"rendered":"https:\/\/koel.at\/?page_id=25"},"modified":"2025-11-28T06:04:50","modified_gmt":"2025-11-28T06:04:50","slug":"verbindungen","status":"publish","type":"page","link":"http:\/\/koel.at\/?page_id=25","title":{"rendered":"Verbindungen"},"content":{"rendered":"<div class=\"entry\">\n<p><strong><a href=\"https:\/\/app.clubdesk.com\/clubdesk\/www\/bundkoel2?p=1000035\">K.\u00d6.L. Maximiliana<\/a>\u00a0(Mx)<\/strong><\/p>\n<p>1040 Wien, Gu\u00dfhausstra\u00dfe 10\/29<br \/>\nGegr\u00fcndet: 11.10.1922<br \/>\nFarben: rot-schwarz-gold; halbsteife dunkelgr\u00fcne Samtm\u00fctze<br \/>\nWahlspruch: Ehre \u2013 Treue \u2013 Vaterland!<\/p>\n<p>Homepage: <a href=\"http:\/\/www.maximiliana.at\/\">http:\/\/www.maximiliana.at\/<\/a><\/p>\n<p>&nbsp;<\/p>\n<p><strong><a href=\"https:\/\/app.clubdesk.com\/clubdesk\/www\/bundkoel2?p=1000036\">K.\u00d6.L. Starhemberg<\/a>\u00a0(St)<\/strong><\/p>\n<p>1010 Wien, Rathausstra\u00dfe 15\/20<br \/>\nGegr\u00fcndet: 10.6.1933<br \/>\nFarben: gr\u00fcn-schwarz-gold, halbsteife wei\u00dfe Samtm\u00fctze<br \/>\nWahlspruch: Glaube, Treue, \u00d6sterreich!<\/p>\n<p>Homepage <a href=\"http:\/\/www.koel-starhemberg.at\/\">http:\/\/www.koel-starhemberg.at\/<\/a><\/p>\n<p>&nbsp;<\/p>\n<p><strong><a href=\"https:\/\/app.clubdesk.com\/clubdesk\/www\/bundkoel2?p=1000037\">K.\u00d6.L. Austria-Salzburg<\/a>\u00a0(A-S)<\/strong><\/p>\n<p>Steingasse 41, 5020 Salzburg<\/p>\n<\/div>\n<div class=\"entry\">Gegr\u00fcndet: 8.12.1934<br \/>\nFarben: wei\u00df-schwarz-gold, halbsteife tiefrote Samtm\u00fctze<br \/>\nWahlspruch: Edel, fromm und treu!Homepage:\u00a0<a href=\"http:\/\/www.koel-austria.at\/\">http:\/\/www.koel-austria.at<\/a>&nbsp;<\/p>\n<p><strong><a href=\"https:\/\/app.clubdesk.com\/clubdesk\/www\/bundkoel2?p=1000038\">K.\u00d6.L. Carolina<\/a>\u00a0(Ca)<\/strong><\/p>\n<p>1040 Wien, Blechturmgasse 20\/3<br \/>\nGegr\u00fcndet: 30.4.1936<br \/>\nFarben: hellblau-schwarz-gold, halbsteife weinrote Samtm\u00fctze<br \/>\nWahlspruch: Tapfer, treu und wahr!<\/p>\n<p>Homepage: <a href=\"http:\/\/www.carolina.koel.at\/\">http:\/\/www.carolina.koel.at<\/a><\/p>\n<p>&nbsp;<\/p>\n<p><strong><a href=\"https:\/\/app.clubdesk.com\/clubdesk\/www\/bundkoel2?p=1000039\">K.\u00d6.L. Josephina<\/a>\u00a0(Js)<\/strong><\/p>\n<p>1090 Wien,\u00a0Berggasse 8<br \/>\nGegr\u00fcndet: 23.1.1947<br \/>\nFarben: orange-schwarz-gold, halbsteife dunkelblaue Samtm\u00fctze<br \/>\nWahlspruch: Cum deo pro patria!<\/p>\n<p>Homepage: <a href=\"http:\/\/www.josephina.at\/\">http:\/\/www.josephina.at\/<\/a><\/p>\n<p>&nbsp;<\/p>\n<p><strong><a href=\"https:\/\/app.clubdesk.com\/clubdesk\/www\/bundkoel2?p=1000040\">K.\u00d6.L. Leopoldina<\/a>\u00a0(Lp)<\/strong><\/p>\n<p>1040 Wien, Gu\u00dfhausstra\u00dfe 10\/28<br \/>\nGegr\u00fcndet: 18.4.1947<br \/>\nFarben: schwarz-gold-rot, blaue halbsteife Samtm\u00fctze<br \/>\nWahlspruch: Austria erit in orbe ultima!<\/p>\n<p>Homepage: <a href=\"http:\/\/www.koel-leopoldina.at\/\">http:\/\/www.koel-leopoldina.at\/<\/a><\/p>\n<p>&nbsp;<\/p>\n<p><strong><a href=\"https:\/\/app.clubdesk.com\/clubdesk\/www\/bundkoel2?p=1000041\">K.\u00d6.L. Theresiana<\/a>\u00a0(Th)<\/strong><\/p>\n<p>6020 Innsbruck, H\u00f6ttinger Au 35<br \/>\nGegr\u00fcndet: 11.5.1947<br \/>\nFarben: schwarz-gold-wei\u00df, halbsteife schwarze M\u00fctze<br \/>\nWahlspruch: In fide pro domo Austriae!<\/p>\n<p>Homepage: <a href=\"http:\/\/www.theresiana.at\/\">http:\/\/www.theresiana.at\/<\/a><\/p>\n<p>&nbsp;<\/p>\n<p><strong><a href=\"https:\/\/app.clubdesk.com\/clubdesk\/www\/bundkoel2?p=1000042\">K.\u00d6.L. Saxo-Meiningia<\/a>\u00a0(S-M)<\/strong><\/p>\n<p>c\/o Mag. Mario Trutzenberger, EMBA<br \/>\nAlpenblickstra\u00dfe 43, 4060 Leonding<br \/>\nFarben: silber-schwarz-gold, halbsteife hellrote M\u00fctze<br \/>\nWahlspruch: Fidem genusque servabo!<\/p>\n<p>Homepage: <a href=\"http:\/\/www.saxo-meiningia.at\/\">http:\/\/www.saxo-meiningia.at\/<\/a><\/p>\n<p><strong>\u00a0<\/strong><\/p>\n<p><strong><a href=\"https:\/\/app.clubdesk.com\/clubdesk\/www\/bundkoel2?p=1000043\">K.\u00d6.L. Ostaricia<\/a>\u00a0(Os)<\/strong><\/p>\n<p>6020 Innsbruck, Stafflerstra\u00dfe 6<br \/>\nGegr\u00fcndet: 7.9.1982<a href=\"http:\/\/koel-tegetthoff.at\/\" target=\"_blank\" rel=\"noopener\">http:\/\/koel-tegetthoff.at<\/a><br \/>\nFarben: rot-schwarz-gold, halbsteife dunkelblaue M\u00fctze<br \/>\nWahlspruch: In fide firmitas pro Austria!<\/p>\n<p>Homepage:\u00a0<a href=\"https:\/\/www.ostaricia.net\/\">https:\/\/www.ostaricia.net<\/a><\/p>\n<p>&nbsp;<\/p>\n<p><strong><a href=\"https:\/\/app.clubdesk.com\/clubdesk\/www\/bundkoel2?p=1000044\">K.\u00d6.L. Wallenstein<\/a>\u00a0(Wa)<\/strong><\/p>\n<p>1080 Wien, Stolzenthalergasse 14<br \/>\nGegr\u00fcndet: 30.1.1998:<br \/>\nFarben: schwarz-gold-violett, halbsteife violette Samtm\u00fctze<br \/>\nWahlspruch: Wer, wenn nicht wir!<\/p>\n<p>Homepage: <a href=\"http:\/\/www.koel-wallenstein.at\/\">http:\/\/www.koel-wallenstein.at\/<\/a><\/p>\n<p>&nbsp;<\/p>\n<p><strong><a href=\"https:\/\/clubdesk\/www\/bundkoel2?p=1000052\">K.\u00d6.L. Tegetthoff<\/a> (Tg)<\/strong><\/p>\n<p>Elisabethstra\u00dfe 69-71, 8010 Graz<br \/>\nGegr\u00fcndet: 7.11.2025:<br \/>\nFarben: schwarz-gold-meergr\u00fcn, halbsteife M\u00fctze aus schwarzem Tuch<br \/>\nWahlspruch: VIRIBUS UNITIS PRO DEO ET PATRIA<\/p>\n<p>Homepage: <a href=\"http:\/\/koel-tegetthoff.at\/\" target=\"_blank\" rel=\"noopener\">http:\/\/koel-tegetthoff.at<\/a><\/p>\n<\/div>\n","protected":false},"excerpt":{"rendered":"<p>K.\u00d6.L. Maximiliana\u00a0(Mx) 1040 Wien, Gu\u00dfhausstra\u00dfe 10\/29 Gegr\u00fcndet: 11.10.1922 Farben: rot-schwarz-gold; halbsteife dunkelgr\u00fcne Samtm\u00fctze Wahlspruch: Ehre \u2013 Treue \u2013 Vaterland! Homepage: http:\/\/www.maximiliana.at\/ &nbsp; K.\u00d6.L. Starhemberg\u00a0(St) 1010 Wien, Rathausstra\u00dfe 15\/20 Gegr\u00fcndet: 10.6.1933 Farben: gr\u00fcn-schwarz-gold, halbsteife wei\u00dfe Samtm\u00fctze Wahlspruch: Glaube, Treue, \u00d6sterreich! Homepage http:\/\/www.koel-starhemberg.at\/ &nbsp; K.\u00d6.L. Austria-Salzburg\u00a0(A-S) Steingasse 41, 5020 Salzburg Gegr\u00fcndet: 8.12.1934 Farben: wei\u00df-schwarz-gold, halbsteife tiefrote Samtm\u00fctze &#8230; <a href=\"http:\/\/koel.at\/?page_id=25\">Continue Reading<\/a><\/p>\n","protected":false},"author":1,"featured_media":0,"parent":5,"menu_order":0,"comment_status":"closed","ping_status":"closed","template":"","meta":{"footnotes":""},"class_list":["post-25","page","type-page","status-publish","hentry"],"_links":{"self":[{"href":"http:\/\/koel.at\/index.php?rest_route=\/wp\/v2\/pages\/25","targetHints":{"allow":["GET"]}}],"collection":[{"href":"http:\/\/koel.at\/index.php?rest_route=\/wp\/v2\/pages"}],"about":[{"href":"http:\/\/koel.at\/index.php?rest_route=\/wp\/v2\/types\/page"}],"author":[{"embeddable":true,"href":"http:\/\/koel.at\/index.php?rest_route=\/wp\/v2\/users\/1"}],"replies":[{"embeddable":true,"href":"http:\/\/koel.at\/index.php?rest_route=%2Fwp%2Fv2%2Fcomments&post=25"}],"version-history":[{"count":16,"href":"http:\/\/koel.at\/index.php?rest_route=\/wp\/v2\/pages\/25\/revisions"}],"predecessor-version":[{"id":203,"href":"http:\/\/koel.at\/index.php?rest_route=\/wp\/v2\/pages\/25\/revisions\/203"}],"up":[{"embeddable":true,"href":"http:\/\/koel.at\/index.php?rest_route=\/wp\/v2\/pages\/5"}],"wp:attachment":[{"href":"http:\/\/koel.at\/index.php?rest_route=%2Fwp%2Fv2%2Fmedia&parent=25"}],"curies":[{"name":"wp","href":"https:\/\/api.w.org\/{rel}","templated":true}]}}