{"id":32,"date":"2012-11-19T13:35:31","date_gmt":"2012-11-19T13:35:31","guid":{"rendered":"https:\/\/koel.at\/?page_id=32"},"modified":"2025-02-17T12:22:56","modified_gmt":"2025-02-17T12:22:56","slug":"impressum","status":"publish","type":"page","link":"http:\/\/koel.at\/?page_id=32","title":{"rendered":"Impressum"},"content":{"rendered":"<p>&nbsp;<\/p>\n<p style=\"text-align: center;\"><strong>Akademischer Bund katholisch-\u00f6sterreichischer Landsmannschaften<br \/>\n<\/strong><br \/>\nGu\u00dfhausstra\u00dfe 10 \/ 28, 1040 Wien<br \/>\nInternet: <a href=\"http:\/\/www.koel.at\">www.koel.at<\/a><br \/>\nE-Mail: <a href=\"mailto:kontakt@koel.at\">vorstand@koel.at<\/a><br \/>\nZVR-Zahl: 556301150<\/p>\n","protected":false},"excerpt":{"rendered":"<p>&nbsp; Akademischer Bund katholisch-\u00f6sterreichischer Landsmannschaften Gu\u00dfhausstra\u00dfe 10 \/ 28, 1040 Wien Internet: www.koel.at E-Mail: vorstand@koel.at ZVR-Zahl: 556301150<\/p>\n","protected":false},"author":1,"featured_media":0,"parent":0,"menu_order":0,"comment_status":"closed","ping_status":"closed","template":"","meta":{"footnotes":""},"class_list":["post-32","page","type-page","status-publish","hentry"],"_links":{"self":[{"href":"http:\/\/koel.at\/index.php?rest_route=\/wp\/v2\/pages\/32","targetHints":{"allow":["GET"]}}],"collection":[{"href":"http:\/\/koel.at\/index.php?rest_route=\/wp\/v2\/pages"}],"about":[{"href":"http:\/\/koel.at\/index.php?rest_route=\/wp\/v2\/types\/page"}],"author":[{"embeddable":true,"href":"http:\/\/koel.at\/index.php?rest_route=\/wp\/v2\/users\/1"}],"replies":[{"embeddable":true,"href":"http:\/\/koel.at\/index.php?rest_route=%2Fwp%2Fv2%2Fcomments&post=32"}],"version-history":[{"count":3,"href":"http:\/\/koel.at\/index.php?rest_route=\/wp\/v2\/pages\/32\/revisions"}],"predecessor-version":[{"id":191,"href":"http:\/\/koel.at\/index.php?rest_route=\/wp\/v2\/pages\/32\/revisions\/191"}],"wp:attachment":[{"href":"http:\/\/koel.at\/index.php?rest_route=%2Fwp%2Fv2%2Fmedia&parent=32"}],"curies":[{"name":"wp","href":"https:\/\/api.w.org\/{rel}","templated":true}]}}