{"id":36,"date":"2012-11-19T13:36:58","date_gmt":"2012-11-19T13:36:58","guid":{"rendered":"https:\/\/koel.at\/?page_id=36"},"modified":"2017-11-09T21:09:00","modified_gmt":"2017-11-09T21:09:00","slug":"links","status":"publish","type":"page","link":"http:\/\/koel.at\/?page_id=36","title":{"rendered":"Links"},"content":{"rendered":"<p>Homepage unseres Obersten Bandinhabers Karl von Habsburg v\/o\u00a0Pan <a href=\"http:\/\/www.karlvonhabsburg.at\" target=\"_blank\">www.karlvonhabsburg.at <\/a><\/p>\n<p>&nbsp;<\/p>\n<p>K.\u00d6.M.L. Tegethoff Wien (TEW) <a href=\"http:\/\/www.tew.mkv.at\">www.tew.mkv.at<\/a><\/p>\n<p>K.\u00d6.M.L. Leopoldina Graz (LPG) <a href=\"http:\/\/www.leopoldina.net\">www.leopoldina.net<\/a><\/p>\n<p>K.\u00d6.M.L. Corps Victoria Wien (VcW) <a href=\"http:\/\/www.koemlc-victoria.at\">www.koemlc-victoria.at<\/a><\/p>\n<p>\u00d6.M.L. Ottonia Linz (OtL) <a href=\"http:\/\/www.ottonia.at\">www.ottonia.at<\/a><\/p>\n<p>C.oe.a.St.V. Elisabethia Wien\u00a0 <a href=\"http:\/\/www.elisabethina.at\">www.elisabethina.at<\/a><\/p>\n<p>&nbsp;<\/p>\n<p>Europ\u00e4ischer Kartellverband (EKV) <a href=\"http:\/\/www.ekv.info\">www.ekv.info<\/a><\/p>\n<p>\u00d6sterreichischer Cartellverband (\u00d6CV) <a href=\"http:\/\/www.oecv.at\">www.oecv.at<\/a><\/p>\n<p>Mittelsch\u00fcler Kartellverband (MKV) <a href=\"http:\/\/www.mkv.at\">www.mkv.at<\/a><\/p>\n<p>\u00d6sterreichischer Kartellverband (\u00d6KV) <a href=\"http:\/\/www.kartellverband.org\">www.kartellverband.org<\/a><\/p>\n<p>Cartellverband (CV) <a href=\"http:\/\/www.cartellverband.de\">www.cartellverband.de<\/a><\/p>\n<p>&nbsp;<\/p>\n","protected":false},"excerpt":{"rendered":"<p>Homepage unseres Obersten Bandinhabers Karl von Habsburg v\/o\u00a0Pan www.karlvonhabsburg.at &nbsp; K.\u00d6.M.L. Tegethoff Wien (TEW) www.tew.mkv.at K.\u00d6.M.L. Leopoldina Graz (LPG) www.leopoldina.net K.\u00d6.M.L. Corps Victoria Wien (VcW) www.koemlc-victoria.at \u00d6.M.L. Ottonia Linz (OtL) www.ottonia.at C.oe.a.St.V. Elisabethia Wien\u00a0 www.elisabethina.at &nbsp; Europ\u00e4ischer Kartellverband (EKV) www.ekv.info \u00d6sterreichischer Cartellverband (\u00d6CV) www.oecv.at Mittelsch\u00fcler Kartellverband (MKV) www.mkv.at \u00d6sterreichischer Kartellverband (\u00d6KV) www.kartellverband.org Cartellverband (CV) www.cartellverband.de &#8230; <a href=\"http:\/\/koel.at\/?page_id=36\">Continue Reading<\/a><\/p>\n","protected":false},"author":1,"featured_media":0,"parent":0,"menu_order":0,"comment_status":"closed","ping_status":"closed","template":"","meta":{"footnotes":""},"class_list":["post-36","page","type-page","status-publish","hentry"],"_links":{"self":[{"href":"http:\/\/koel.at\/index.php?rest_route=\/wp\/v2\/pages\/36","targetHints":{"allow":["GET"]}}],"collection":[{"href":"http:\/\/koel.at\/index.php?rest_route=\/wp\/v2\/pages"}],"about":[{"href":"http:\/\/koel.at\/index.php?rest_route=\/wp\/v2\/types\/page"}],"author":[{"embeddable":true,"href":"http:\/\/koel.at\/index.php?rest_route=\/wp\/v2\/users\/1"}],"replies":[{"embeddable":true,"href":"http:\/\/koel.at\/index.php?rest_route=%2Fwp%2Fv2%2Fcomments&post=36"}],"version-history":[{"count":5,"href":"http:\/\/koel.at\/index.php?rest_route=\/wp\/v2\/pages\/36\/revisions"}],"predecessor-version":[{"id":143,"href":"http:\/\/koel.at\/index.php?rest_route=\/wp\/v2\/pages\/36\/revisions\/143"}],"wp:attachment":[{"href":"http:\/\/koel.at\/index.php?rest_route=%2Fwp%2Fv2%2Fmedia&parent=36"}],"curies":[{"name":"wp","href":"https:\/\/api.w.org\/{rel}","templated":true}]}}